{"id":2235,"date":"2021-02-03T04:10:05","date_gmt":"2021-02-03T04:10:05","guid":{"rendered":"https:\/\/www.project3541.com\/?page_id=2235"},"modified":"2021-02-03T04:11:59","modified_gmt":"2021-02-03T04:11:59","slug":"our-mission","status":"publish","type":"page","link":"https:\/\/www.project3541.com\/it\/our-mission\/","title":{"rendered":"La nostra missione"},"content":{"rendered":"<div class=\"vc_row wpb_row vc_row-fluid vc_custom_1505137157448 vc_row-69eb497f02dbc vc_row-o-equal-height vc_row-o-content-middle vc_row-flex\"><div class=\"wpb_column vc_column_container vc_col-sm-12 vc_row-69eb497f035c3\"><div class=\"vc_column-inner\"><div class=\"wpb_wrapper\"><div class=\"vc_empty_space\"   style=\"height: 32px\"><span class=\"vc_empty_space_inner\"><\/span><\/div><\/div><\/div><\/div><div class=\"wpb_animate_when_almost_visible wpb_fadeInLeft fadeInLeft wpb_column vc_column_container vc_col-sm-6 vc_row-5df9baec88500 vc_col-has-fill\"><div class=\"vc_column-inner vc_custom_1612325351622\"><div class=\"wpb_wrapper\"><\/div><\/div><\/div><div class=\"wpb_animate_when_almost_visible wpb_fadeInRight fadeInRight wpb_column vc_column_container vc_col-sm-6 vc_row-69eb497f03b55 vc_col-has-fill\"><div class=\"vc_column-inner vc_custom_1506084117248\"><div class=\"wpb_wrapper\">      <div class=\"heading-block heading-5d67b7780c108 tal h-h3 with-line vc_custom_1612325514907\">\n                  <h3 class=\"h\"><span>La nostra missione<\/span><\/h3>\n              <\/div>\n    \n\t<div class=\"wpb_text_column wpb_content_element\" >\n\t\t<div class=\"wpb_wrapper\">\n\t\t\t<p>Project3541 \u00e8 uno sforzo artistico ed educativo che utilizza storie scritte, visive e orali per fornire una prospettiva intima sulle conseguenze globali e personali della guerra italo-etiope del 1935-41. Project3541 \u00e8 un progetto di memoria e un atto di recupero che cerca di trascendere la staticit\u00e0 di un archivio. Vogliamo rappresentare questo periodo storico, con le sue complicate realt\u00e0, attraverso programmi di studio, mostre e altre piattaforme creative. Lavoreremo per evidenziare le domande che rimangono e cercheremo le risposte che possiamo.<\/p>\n\n\t\t<\/div>\n\t<\/div>\n<\/div><\/div><\/div><\/div>","protected":false},"excerpt":{"rendered":"Our Mission Project3541 is an artistic and educational endeavor that uses written, visual, and oral histories to provide an intimate perspective on the global and personal consequences of the 1935-41 Italo-Ethiopian War. Project3541 is a memory project and an act of reclamation that seeks to transcend the static nature of an archive. We aim to [...]","protected":false},"author":1,"featured_media":0,"parent":0,"menu_order":0,"comment_status":"closed","ping_status":"closed","template":"template-landing.php","meta":{"_acf_changed":false,"footnotes":""},"class_list":["post-2235","page","type-page","status-publish","hentry"],"acf":[],"_links":{"self":[{"href":"https:\/\/www.project3541.com\/it\/wp-json\/wp\/v2\/pages\/2235","targetHints":{"allow":["GET"]}}],"collection":[{"href":"https:\/\/www.project3541.com\/it\/wp-json\/wp\/v2\/pages"}],"about":[{"href":"https:\/\/www.project3541.com\/it\/wp-json\/wp\/v2\/types\/page"}],"author":[{"embeddable":true,"href":"https:\/\/www.project3541.com\/it\/wp-json\/wp\/v2\/users\/1"}],"replies":[{"embeddable":true,"href":"https:\/\/www.project3541.com\/it\/wp-json\/wp\/v2\/comments?post=2235"}],"version-history":[{"count":5,"href":"https:\/\/www.project3541.com\/it\/wp-json\/wp\/v2\/pages\/2235\/revisions"}],"predecessor-version":[{"id":2242,"href":"https:\/\/www.project3541.com\/it\/wp-json\/wp\/v2\/pages\/2235\/revisions\/2242"}],"wp:attachment":[{"href":"https:\/\/www.project3541.com\/it\/wp-json\/wp\/v2\/media?parent=2235"}],"curies":[{"name":"wp","href":"https:\/\/api.w.org\/{rel}","templated":true}]}}