{"id":1517,"date":"2019-12-18T05:40:12","date_gmt":"2019-12-18T05:40:12","guid":{"rendered":"https:\/\/www.project3541.com\/?page_id=1517"},"modified":"2021-02-02T04:07:33","modified_gmt":"2021-02-02T04:07:33","slug":"about","status":"publish","type":"page","link":"https:\/\/www.project3541.com\/it\/about\/","title":{"rendered":"Di"},"content":{"rendered":"<div class=\"vc_row wpb_row vc_row-fluid vc_custom_1505137157448 vc_row-69eb479168d20 vc_row-o-equal-height vc_row-o-content-middle vc_row-flex\"><div class=\"wpb_animate_when_almost_visible wpb_fadeInLeft fadeInLeft wpb_column vc_column_container vc_col-sm-6 vc_row-5df9baec88500 vc_col-has-fill\"><div class=\"vc_column-inner vc_custom_1576647415560\"><div class=\"wpb_wrapper\"><\/div><\/div><\/div><div class=\"wpb_animate_when_almost_visible wpb_fadeInRight fadeInRight wpb_column vc_column_container vc_col-sm-6 vc_row-69eb479169779 vc_col-has-fill\"><div class=\"vc_column-inner vc_custom_1506084117248\"><div class=\"wpb_wrapper\">      <div class=\"heading-block heading-5d67b7780c108 tal h-h3 with-line vc_custom_1612238848804\">\n                  <h3 class=\"h\">PROGETTO3541<br \/>\n<span>Un archivio fotografico della guerra italo-etiope del 1935-41<\/span><\/h3>\n              <\/div>\n    \n\t<div class=\"wpb_text_column wpb_content_element\" >\n\t\t<div class=\"wpb_wrapper\">\n\t\t\t<p>Project3541 \u00e8 un atto di bonifica. Si tratta di una raccolta di fotografie condivise dai familiari e dai cari di coloro che vissero durante la guerra del 1935-41 tra l'Etiopia e l'Italia.<\/p>\n<p>Chiamata la prima vera guerra della seconda guerra mondiale, la guerra italo-etiope inizi\u00f2 il 3 ottobre 1935, quando Benito Mussolini invase l'Etiopia. Ci\u00f2 che si \u00e8 svolto negli anni tra l'invasione e l'eventuale espulsione dell'Italia \u00e8 l'argomento di questo sito.<\/p>\n<p>Le fotografie forniscono una prospettiva intima di un conflitto africano con conseguenze globali. Questo \u00e8 uno sforzo comune e un amore per il lavoro.<\/p>\n<p>Project3541 includere immagini della collezione privata di Maaza Mengiste, il cui romanzo, The Shadow King, racconta la storia di questa guerra e di coloro che l'hanno vissuta.<\/p>\n\n\t\t<\/div>\n\t<\/div>\n<\/div><\/div><\/div><\/div><div class=\"vc_row wpb_row vc_row-fluid vc_row-69eb479169f74\"><div class=\"wpb_column vc_column_container vc_col-sm-12 vc_row-69eb47916a1ae\"><div class=\"vc_column-inner\"><div class=\"wpb_wrapper\">\n\t<div class=\"wpb_text_column wpb_content_element\" >\n\t\t<div class=\"wpb_wrapper\">\n\t\t\t\n\t\t<\/div>\n\t<\/div>\n<\/div><\/div><\/div><\/div>","protected":false},"excerpt":{"rendered":"PROJECT3541 A photographic archive of the 1935-41 Italo-Ethiopian War Project3541 is an act of reclamation. It is a collection of photographs shared by family members and loved ones of those who lived during the 1935-41 war between Ethiopia and Italy. Called the first real war of World War II, the Italo-Ethiopian war began on Oct [...]","protected":false},"author":1,"featured_media":0,"parent":0,"menu_order":0,"comment_status":"closed","ping_status":"closed","template":"template-landing.php","meta":{"_acf_changed":false,"footnotes":""},"class_list":["post-1517","page","type-page","status-publish","hentry"],"acf":[],"_links":{"self":[{"href":"https:\/\/www.project3541.com\/it\/wp-json\/wp\/v2\/pages\/1517","targetHints":{"allow":["GET"]}}],"collection":[{"href":"https:\/\/www.project3541.com\/it\/wp-json\/wp\/v2\/pages"}],"about":[{"href":"https:\/\/www.project3541.com\/it\/wp-json\/wp\/v2\/types\/page"}],"author":[{"embeddable":true,"href":"https:\/\/www.project3541.com\/it\/wp-json\/wp\/v2\/users\/1"}],"replies":[{"embeddable":true,"href":"https:\/\/www.project3541.com\/it\/wp-json\/wp\/v2\/comments?post=1517"}],"version-history":[{"count":10,"href":"https:\/\/www.project3541.com\/it\/wp-json\/wp\/v2\/pages\/1517\/revisions"}],"predecessor-version":[{"id":2228,"href":"https:\/\/www.project3541.com\/it\/wp-json\/wp\/v2\/pages\/1517\/revisions\/2228"}],"wp:attachment":[{"href":"https:\/\/www.project3541.com\/it\/wp-json\/wp\/v2\/media?parent=1517"}],"curies":[{"name":"wp","href":"https:\/\/api.w.org\/{rel}","templated":true}]}}