{"id":1502,"date":"2019-12-18T04:28:29","date_gmt":"2019-12-18T04:28:29","guid":{"rendered":"https:\/\/www.project3541.com\/?page_id=1502"},"modified":"2021-05-06T15:26:47","modified_gmt":"2021-05-06T15:26:47","slug":"home-2","status":"publish","type":"page","link":"https:\/\/www.project3541.com\/it\/","title":{"rendered":"INIZIALE"},"content":{"rendered":"<div data-vc-full-width=\"true\" data-vc-full-width-init=\"false\" data-vc-stretch-content=\"true\" class=\"vc_row wpb_row vc_row-fluid vc_row-69eb47d3b1c05 vc_row-no-padding\"><div class=\"wpb_column vc_column_container vc_col-sm-12 vc_row-69eb47d3b3a51\"><div class=\"vc_column-inner\"><div class=\"wpb_wrapper\"><div class=\"vc_empty_space\"   style=\"height: 16px\"><span class=\"vc_empty_space_inner\"><\/span><\/div><\/div><\/div><\/div><div class=\"wpb_column vc_column_container vc_col-sm-12 vc_row-69eb47d3b3f6e\"><div class=\"vc_column-inner\"><div class=\"wpb_wrapper\"><div class=\"banner-area banner-area-59a6cd0d903aa external-indent banner-color-inherit\"><div class=\"banner-social-buttons\"><div class=\"links\"><a href=\"https:\/\/www.instagram.com\/project_3541\/\" class=\"item\" target=\"_self\"\"><i class=\"fab fa-instagram\"><\/i><span>Instagram<\/span><\/a><a href=\"https:\/\/twitter.com\/project_3541\" class=\"item\" target=\"_self\"\"><i class=\"fab fa-twitter\"><\/i><span>Twitter<\/span><\/a><\/div><\/div><div class=\"banner-categories vertical-align-bottom text-align-left\"><div class=\"item\"><a href=\"https:\/\/www.project3541.com\/it\/submit-your-pictures\/\" target=\"_self\" style=\"background-image: url(https:\/\/www.project3541.com\/wp-content\/uploads\/2020\/02\/Project_3541_how-to-submit-illo.png);\"><span><span class=\"num\"><\/span><span class=\"h\">How to submit your pictures &gt;<\/span><\/span><\/a><\/div><\/div><div class=\"banner-about content\"><div class=\"row\"><div class=\"image col-12 col-md-6\" style=\"background-image: url(https:\/\/www.project3541.com\/wp-content\/uploads\/2019\/12\/female-soldier-about.jpg)\"><\/div><div class=\"text col-12 col-md-6\"><div class=\"wrap\"><div class=\"cell\"><div class=\"image\" style=\"background-image: url(https:\/\/www.project3541.com\/wp-content\/uploads\/2019\/12\/female-soldier-about.jpg)\"><\/div><div class=\"heading-decor\"><h3>PROJECT3541: A photographic archive of the 1935-41 Italo-Ethiopian War<\/h3><\/div><div class=\"text-p\">Project3541 is an act of reclamation. It is a collection of photographs shared by family members and loved ones of those who lived during the 1935-41 war between Ethiopia and Italy. The photographs provide a personal perspective of a war with global consequences. This is a communal effort and a labor love.<\/div><a href=\"https:\/\/www.project3541.com\/it\/about\/\" class=\"button-style2\" target=\"_self\">Read More<\/a><\/div><\/div><div class=\"bg-word\">Di<\/div><\/div><\/div><\/div><div class=\"banner-right-buttons\"><div class=\"cell\"><div class=\"button category\"><span class=\"h\">Invia le tue foto<\/span><span class=\"close\"><i class=\"basic-ui-icon-cancel\"><\/i>Close<\/span><\/div><div class=\"button about\"><span class=\"h\">Di<\/span><span class=\"close\"><i class=\"basic-ui-icon-cancel\"><\/i>Closed<\/span><\/div><\/div><\/div><div class=\"banner banner-59a6cd0d903aa side_toggle arrows-right-bottom\" style=\"\"><div class=\"item banner-item-59a6cd153c2d5 tal with-shadow white\">\r\n      <div class=\"bg-image\" style=\"background-image: url(https:\/\/www.project3541.com\/wp-content\/uploads\/2019\/12\/home-page-cover-1-ethiopian-soldiers-1.jpg)\"><\/div>\r\n      \r\n      \r\n      <div class=\"container\">\r\n        <div class=\"cell bottom\">\r\n          <div class=\"heading-decor\">\r\n        \r\n        <h6 class=\"h\">Esercito etiope, Addis Abeba, 1935<\/h6>\r\n      <\/div>\r\n          \r\n          \r\n          \r\n        <\/div>\r\n      <\/div>\r\n    <\/div><div class=\"item banner-item-5df9add338952 tal with-shadow white\">\r\n      <div class=\"bg-image\" style=\"background-image: url(https:\/\/www.project3541.com\/wp-content\/uploads\/2019\/12\/home-page-cover-unadonna.jpg)\"><\/div>\r\n      \r\n      \r\n      <div class=\"container\">\r\n        <div class=\"cell bottom\">\r\n          <div class=\"heading-decor\">\r\n        \r\n        <h6 class=\"h\">Esercito etiope, Addis Abeba, 1935<\/h6>\r\n      <\/div>\r\n          \r\n          \r\n          \r\n        <\/div>\r\n      <\/div>\r\n    <\/div><div class=\"item banner-item-5df9b254ce157 tal white\">\r\n      <div class=\"bg-image\" style=\"background-image: url(https:\/\/www.project3541.com\/wp-content\/uploads\/2019\/12\/home-page-cover-ascari-tents.jpg)\"><\/div>\r\n      \r\n      \r\n      <div class=\"container\">\r\n        <div class=\"cell bottom\">\r\n          <div class=\"heading-decor\">\r\n        \r\n        <h6 class=\"h\">Askari presso le loro tende, localit\u00e0 sconosciuta e data<\/h6>\r\n      <\/div>\r\n          \r\n          \r\n          \r\n        <\/div>\r\n      <\/div>\r\n    <\/div><\/div><\/div><\/div><\/div><\/div><\/div><div class=\"vc_row-full-width vc_clearfix\"><\/div><div data-vc-full-width=\"true\" data-vc-full-width-init=\"false\" data-vc-stretch-content=\"true\" class=\"vc_row wpb_row vc_row-fluid vc_row-69eb47d3b71a3 vc_row-no-padding\"><div class=\"wpb_column vc_column_container vc_col-sm-12 vc_row-5dfa4a0241d96\"><div class=\"vc_column-inner\"><div class=\"wpb_wrapper\"><div class=\"vc_row wpb_row vc_inner vc_row-fluid vc_row-o-content-middle vc_row-flex\"><div class=\"wpb_column vc_column_container vc_col-sm-12\"><div class=\"vc_column-inner vc_custom_1576685025352\"><div class=\"wpb_wrapper\">      <div class=\"heading-block heading-5dfa4559e8666 tac h-h2 with-line\">\n                  <h2 class=\"h\">La nostra missione<\/h2>\n              <\/div>\n    \n\t<div class=\"wpb_text_column wpb_content_element\" >\n\t\t<div class=\"wpb_wrapper\">\n\t\t\t<p style=\"text-align: center;\"><span style=\"font-weight: 400;\">Project3541 \u00e8 uno sforzo artistico ed educativo che utilizza storie scritte, visive e orali per fornire una prospettiva intima sulle conseguenze globali e personali della guerra italo-etiope del 1935-41. Project3541 \u00e8 un progetto di memoria e un atto di recupero che cerca di trascendere la staticit\u00e0 di un archivio. Miriamo a rappresentare questo periodo storico, con le sue complicate realt\u00e0, attraverso curriculum, mostre e altre piattaforme creative. Lavoreremo per evidenziare le domande che rimangono e cercheremo le risposte che possiamo.<\/span><\/p>\n\n\t\t<\/div>\n\t<\/div>\n<div class=\"vc_empty_space\"   style=\"height: 64px\"><span class=\"vc_empty_space_inner\"><\/span><\/div>      <div class=\"heading-block heading-6005f4f1a2334 tac h-h2 with-line\">\n                  <h2 class=\"h\">L'archivio<\/h2>\n              <\/div>\n    \n\t<div class=\"wpb_text_column wpb_content_element\" >\n\t\t<div class=\"wpb_wrapper\">\n\t\t\t<p style=\"text-align: center;\"><span style=\"font-weight: 400;\">Esplora una raccolta di fotografie condivise da familiari e persone care di coloro che hanno vissuto durante la guerra del 1935-41 tra Etiopia e Italia. La collezione comprende anche immagini della collezione privata di Maaza Mengiste, il cui romanzo, Il re delle ombre, racconta la storia di questa guerra e di coloro che la vissero.<\/span><\/p>\n\n\t\t<\/div>\n\t<\/div>\n      <div class=\"button-container button-5dfa477522ea3 center\">\n        <a class=\"button-style1\" href=\"https:\/\/www.project3541.com\/it\/photo-archive\/\" target=\"_self\">\n          <span>Esplorare<\/span>\n        <\/a>\n      <\/div>\n    <div class=\"vc_empty_space\"   style=\"height: 64px\"><span class=\"vc_empty_space_inner\"><\/span><\/div><\/div><\/div><\/div><\/div><\/div><\/div><\/div><\/div><div class=\"vc_row-full-width vc_clearfix\"><\/div><div data-vc-full-width=\"true\" data-vc-full-width-init=\"false\" data-vc-stretch-content=\"true\" class=\"vc_row wpb_row vc_row-fluid vc_custom_1617385858470 vc_row-603e7a70d41cf vc_row-has-fill vc_row-no-padding\"><div class=\"wpb_column vc_column_container vc_col-sm-12 vc_row-69eb47d3b8301\"><div class=\"vc_column-inner\"><div class=\"wpb_wrapper\">\n\t<div class=\"wpb_text_column wpb_content_element\" >\n\t\t<div class=\"wpb_wrapper\">\n\t\t\t<h2 style=\"text-align: center;\"><a href=\"https:\/\/www.project3541.com\/it\/african-americans-and-the-war-05-2021\/\">The May issue of our monthly series is out<\/a><a href=\"https:\/\/www.project3541.com\/it\/yekatit-12-04-2021\/\"> now!<\/a><a href=\"https:\/\/www.project3541.com\/it\/yekatit-12-04-2021\/\">!<\/a><\/h2>\n\n\t\t<\/div>\n\t<\/div>\n\n\t<div  class=\"wpb_single_image wpb_content_element vc_align_center\">\n\t\t\n\t\t<figure class=\"wpb_wrapper vc_figure\">\n\t\t\t<a href=\"https:\/\/www.project3541.com\/it\/african-americans-and-the-war-05-2021\/\" target=\"_self\" class=\"vc_single_image-wrapper   vc_box_border_grey\"><img loading=\"lazy\" decoding=\"async\" class=\"vc_single_image-img\" src=\"https:\/\/www.project3541.com\/wp-content\/uploads\/2021\/05\/may-banner-2-1400x298.png\" width=\"1400\" height=\"298\" alt=\"may-banner-2\" title=\"may-banner-2\" \/><\/a>\n\t\t<\/figure>\n\t<\/div>\n\n\t<div class=\"wpb_text_column wpb_content_element\" >\n\t\t<div class=\"wpb_wrapper\">\n\t\t\t\n\t\t<\/div>\n\t<\/div>\n<\/div><\/div><\/div><\/div><div class=\"vc_row-full-width vc_clearfix\"><\/div>","protected":false},"excerpt":{"rendered":"TwitterHow to submit your pictures &gt;PROJECT3541: A photographic archive of the 1935-41 Italo-Ethiopian WarProject3541 is an act of reclamation. It is a collection of photographs shared by family members and loved ones of those who lived during the 1935-41 war between Ethiopia and Italy. The photographs provide a personal perspective of a war with global [...]","protected":false},"author":1,"featured_media":0,"parent":0,"menu_order":0,"comment_status":"closed","ping_status":"open","template":"template-landing.php","meta":{"_acf_changed":false,"footnotes":""},"class_list":["post-1502","page","type-page","status-publish","hentry"],"acf":[],"_links":{"self":[{"href":"https:\/\/www.project3541.com\/it\/wp-json\/wp\/v2\/pages\/1502","targetHints":{"allow":["GET"]}}],"collection":[{"href":"https:\/\/www.project3541.com\/it\/wp-json\/wp\/v2\/pages"}],"about":[{"href":"https:\/\/www.project3541.com\/it\/wp-json\/wp\/v2\/types\/page"}],"author":[{"embeddable":true,"href":"https:\/\/www.project3541.com\/it\/wp-json\/wp\/v2\/users\/1"}],"replies":[{"embeddable":true,"href":"https:\/\/www.project3541.com\/it\/wp-json\/wp\/v2\/comments?post=1502"}],"version-history":[{"count":10,"href":"https:\/\/www.project3541.com\/it\/wp-json\/wp\/v2\/pages\/1502\/revisions"}],"predecessor-version":[{"id":2704,"href":"https:\/\/www.project3541.com\/it\/wp-json\/wp\/v2\/pages\/1502\/revisions\/2704"}],"wp:attachment":[{"href":"https:\/\/www.project3541.com\/it\/wp-json\/wp\/v2\/media?parent=1502"}],"curies":[{"name":"wp","href":"https:\/\/api.w.org\/{rel}","templated":true}]}}